{"id":9519,"date":"2025-07-14T12:12:08","date_gmt":"2025-07-14T10:12:08","guid":{"rendered":"https:\/\/ppaf.ch\/?page_id=9519"},"modified":"2025-07-14T12:52:45","modified_gmt":"2025-07-14T10:52:45","slug":"soumettre-ma-candidature","status":"publish","type":"page","link":"https:\/\/ppaf.ch\/de\/soumettre-ma-candidature\/","title":{"rendered":"Meine Bewerbung einreichen"},"content":{"rendered":"\t\t<div data-elementor-type=\"wp-page\" data-elementor-id=\"9519\" class=\"elementor elementor-9519\" data-elementor-post-type=\"page\">\n\t\t\t\t<div class=\"elementor-element elementor-element-6302315 e-con-full e-flex e-con e-parent\" data-id=\"6302315\" data-element_type=\"container\" data-e-type=\"container\">\n\t\t\t\t<div class=\"elementor-element elementor-element-cdf3b4d elementor-widget elementor-widget-spacer\" data-id=\"cdf3b4d\" data-element_type=\"widget\" data-e-type=\"widget\" data-widget_type=\"spacer.default\">\n\t\t\t\t<div class=\"elementor-widget-container\">\n\t\t\t\t\t\t\t<div class=\"elementor-spacer\">\n\t\t\t<div class=\"elementor-spacer-inner\"><\/div>\n\t\t<\/div>\n\t\t\t\t\t\t<\/div>\n\t\t\t\t<\/div>\n\t\t\t\t<div class=\"elementor-element elementor-element-e33b47d elementor-widget elementor-widget-spacer\" data-id=\"e33b47d\" data-element_type=\"widget\" data-e-type=\"widget\" data-widget_type=\"spacer.default\">\n\t\t\t\t<div class=\"elementor-widget-container\">\n\t\t\t\t\t\t\t<div class=\"elementor-spacer\">\n\t\t\t<div class=\"elementor-spacer-inner\"><\/div>\n\t\t<\/div>\n\t\t\t\t\t\t<\/div>\n\t\t\t\t<\/div>\n\t\t\t\t<\/div>\n\t\t<div class=\"elementor-element elementor-element-00476f2 e-con-full e-flex e-con e-parent\" data-id=\"00476f2\" data-element_type=\"container\" data-e-type=\"container\">\n\t\t\t\t<div class=\"elementor-element elementor-element-cf93611 elementor-widget__width-initial elementor-widget elementor-widget-text-editor\" data-id=\"cf93611\" data-element_type=\"widget\" data-e-type=\"widget\" data-widget_type=\"text-editor.default\">\n\t\t\t\t<div class=\"elementor-widget-container\">\n\t\t\t\t\t\t\t\t\t<p>Notre association vous accueillera volontiers si vous \u00eates photographe\u00a0<strong>professionnel<\/strong>\u00a0domicili\u00e9 dans le canton de Fribourg ou y ayant install\u00e9 votre atelier et que vous remplissez au moins deux des crit\u00e8res suivants:<\/p><ul><li><p>\u00catre inscrit au registre professionnel (ind\u00e9pendant)<\/p><\/li><li><p>Avoir d\u00e9j\u00e0 expos\u00e9 dans une institution culturelle (galerie ou mus\u00e9e) de notori\u00e9t\u00e9 cantonale dont le comit\u00e9 tient \u00e0 jour la liste de r\u00e9f\u00e9rence<\/p><\/li><li><p>Avoir suivi une formation et obtenu son dipl\u00f4me dans un \u00e9tablissement d\u2019enseignement de la photographie, dont le comit\u00e9 tient \u00e0 jour la liste de r\u00e9f\u00e9rence.<\/p><\/li><li><p>Avoir obtenu des distinctions, prix, bourses, subventions de cr\u00e9ation ou pouvoir prouver l\u2019achat d\u2019\u0153uvres par des institutions publiques.<\/p><\/li><\/ul><p>Si vous ne remplissez pas au moins deux des conditions ci-dessus et que vous d\u00e9butez dans le m\u00e9tier, vous pouvez n\u00e9anmoins \u00eatre admis comme \u00ab\u00a0Newcomer\u00a0\u00bb sur pr\u00e9sentation d\u2019un dossier. N\u2019h\u00e9sitez pas \u00e0 prendre contact et nous vous informerons de la marche \u00e0 suivre.<\/p><p>Une section \u00ab\u00a0Membre ami\u00a0\u00bb est aussi ouverte.<\/p><p>PPAF est une association qui se veut vivante et dynamique. Ceci n\u2019est possible que si elle peut compter sur la pr\u00e9sence et l\u2019engagement de ses membres dans ses activit\u00e9s.<\/p>\t\t\t\t\t\t\t\t<\/div>\n\t\t\t\t<\/div>\n\t\t\t\t<div class=\"elementor-element elementor-element-662ac39 elementor-widget__width-initial elementor-button-align-stretch elementor-widget elementor-widget-form\" data-id=\"662ac39\" data-element_type=\"widget\" data-e-type=\"widget\" data-settings=\"{&quot;step_next_label&quot;:&quot;Suivant&quot;,&quot;step_previous_label&quot;:&quot;Pr\\u00e9c\\u00e9dent&quot;,&quot;button_width&quot;:&quot;100&quot;,&quot;step_type&quot;:&quot;number_text&quot;,&quot;step_icon_shape&quot;:&quot;circle&quot;}\" data-widget_type=\"form.default\">\n\t\t\t\t<div class=\"elementor-widget-container\">\n\t\t\t\t\t\t\t<form class=\"elementor-form\" method=\"post\" name=\"Nouveau formulaire\" aria-label=\"Nouveau formulaire\">\n\t\t\t<input type=\"hidden\" name=\"post_id\" value=\"9519\"\/>\n\t\t\t<input type=\"hidden\" name=\"form_id\" value=\"662ac39\"\/>\n\t\t\t<input type=\"hidden\" name=\"referer_title\" value=\"Soumettre ma candidature - PPAF | Photographie professionnelle et artistique fribourgeoise\" \/>\n\n\t\t\t\t\t\t\t<input type=\"hidden\" name=\"queried_id\" value=\"9519\"\/>\n\t\t\t\n\t\t\t<div class=\"elementor-form-fields-wrapper elementor-labels-above\">\n\t\t\t\t\t\t\t\t<div class=\"elementor-field-type-step elementor-field-group elementor-column elementor-field-group-field_d54cc14 elementor-col-100\">\n\t\t\t\t\t\t\t<div class=\"e-field-step elementor-hidden\" data-label=\"Coordonn\u00e9es\" data-previousButton=\"\" data-nextButton=\"\" data-iconUrl=\"\" data-iconLibrary=\"fas fa-star\" data-icon=\"&lt;svg class=&quot;e-font-icon-svg e-fas-star&quot; viewBox=&quot;0 0 576 512&quot; xmlns=&quot;http:\/\/www.w3.org\/2000\/svg&quot;&gt;&lt;path d=&quot;M259.3 17.8L194 150.2 47.9 171.5c-26.2 3.8-36.7 36.1-17.7 54.6l105.7 103-25 145.5c-4.5 26.3 23.2 46 46.4 33.7L288 439.6l130.7 68.7c23.2 12.2 50.9-7.4 46.4-33.7l-25-145.5 105.7-103c19-18.5 8.5-50.8-17.7-54.6L382 150.2 316.7 17.8c-11.7-23.6-45.6-23.9-57.4 0z&quot;&gt;&lt;\/path&gt;&lt;\/svg&gt;\" ><\/div>\n\n\t\t\t\t\t\t<\/div>\n\t\t\t\t\t\t\t\t<div class=\"elementor-field-type-text elementor-field-group elementor-column elementor-field-group-surname elementor-col-50 elementor-field-required elementor-mark-required\">\n\t\t\t\t\t\t\t\t\t\t\t\t<label for=\"form-field-surname\" class=\"elementor-field-label\">\n\t\t\t\t\t\t\t\tPr\u00e9nom\t\t\t\t\t\t\t<\/label>\n\t\t\t\t\t\t\t\t\t\t\t\t\t\t<input size=\"1\" type=\"text\" name=\"form_fields[surname]\" id=\"form-field-surname\" class=\"elementor-field elementor-size-md  elementor-field-textual\" placeholder=\"Pr\u00e9nom\" required=\"required\">\n\t\t\t\t\t\t\t\t\t\t\t<\/div>\n\t\t\t\t\t\t\t\t<div class=\"elementor-field-type-text elementor-field-group elementor-column elementor-field-group-field_9988808 elementor-col-50 elementor-field-required elementor-mark-required\">\n\t\t\t\t\t\t\t\t\t\t\t\t<label for=\"form-field-field_9988808\" class=\"elementor-field-label\">\n\t\t\t\t\t\t\t\tNom\t\t\t\t\t\t\t<\/label>\n\t\t\t\t\t\t\t\t\t\t\t\t\t\t<input size=\"1\" type=\"text\" name=\"form_fields[field_9988808]\" id=\"form-field-field_9988808\" class=\"elementor-field elementor-size-md  elementor-field-textual\" placeholder=\"Nom\" required=\"required\">\n\t\t\t\t\t\t\t\t\t\t\t<\/div>\n\t\t\t\t\t\t\t\t<div class=\"elementor-field-type-text elementor-field-group elementor-column elementor-field-group-rue elementor-col-100 elementor-field-required elementor-mark-required\">\n\t\t\t\t\t\t\t\t\t\t\t\t<label for=\"form-field-rue\" class=\"elementor-field-label\">\n\t\t\t\t\t\t\t\tRue\t\t\t\t\t\t\t<\/label>\n\t\t\t\t\t\t\t\t\t\t\t\t\t\t<input size=\"1\" type=\"text\" name=\"form_fields[rue]\" id=\"form-field-rue\" class=\"elementor-field elementor-size-md  elementor-field-textual\" placeholder=\"Rue\" required=\"required\">\n\t\t\t\t\t\t\t\t\t\t\t<\/div>\n\t\t\t\t\t\t\t\t<div class=\"elementor-field-type-text elementor-field-group elementor-column elementor-field-group-NPA elementor-col-25 elementor-field-required elementor-mark-required\">\n\t\t\t\t\t\t\t\t\t\t\t\t<label for=\"form-field-NPA\" class=\"elementor-field-label\">\n\t\t\t\t\t\t\t\tNPA\t\t\t\t\t\t\t<\/label>\n\t\t\t\t\t\t\t\t\t\t\t\t\t\t<input size=\"1\" type=\"text\" name=\"form_fields[NPA]\" id=\"form-field-NPA\" class=\"elementor-field elementor-size-md  elementor-field-textual\" placeholder=\"Code postal\" required=\"required\">\n\t\t\t\t\t\t\t\t\t\t\t<\/div>\n\t\t\t\t\t\t\t\t<div class=\"elementor-field-type-text elementor-field-group elementor-column elementor-field-group-localite elementor-col-75 elementor-field-required elementor-mark-required\">\n\t\t\t\t\t\t\t\t\t\t\t\t<label for=\"form-field-localite\" class=\"elementor-field-label\">\n\t\t\t\t\t\t\t\tLocalit\u00e9\t\t\t\t\t\t\t<\/label>\n\t\t\t\t\t\t\t\t\t\t\t\t\t\t<input size=\"1\" type=\"text\" name=\"form_fields[localite]\" id=\"form-field-localite\" class=\"elementor-field elementor-size-md  elementor-field-textual\" placeholder=\"Localit\u00e9\" required=\"required\">\n\t\t\t\t\t\t\t\t\t\t\t<\/div>\n\t\t\t\t\t\t\t\t<div class=\"elementor-field-type-email elementor-field-group elementor-column elementor-field-group-email elementor-col-100 elementor-field-required elementor-mark-required\">\n\t\t\t\t\t\t\t\t\t\t\t\t<label for=\"form-field-email\" class=\"elementor-field-label\">\n\t\t\t\t\t\t\t\tE-mail\t\t\t\t\t\t\t<\/label>\n\t\t\t\t\t\t\t\t\t\t\t\t\t\t<input size=\"1\" type=\"email\" name=\"form_fields[email]\" id=\"form-field-email\" class=\"elementor-field elementor-size-md  elementor-field-textual\" placeholder=\"E-mail\" required=\"required\">\n\t\t\t\t\t\t\t\t\t\t\t<\/div>\n\t\t\t\t\t\t\t\t<div class=\"elementor-field-type-text elementor-field-group elementor-column elementor-field-group-tel elementor-col-100 elementor-field-required elementor-mark-required\">\n\t\t\t\t\t\t\t\t\t\t\t\t<label for=\"form-field-tel\" class=\"elementor-field-label\">\n\t\t\t\t\t\t\t\tT\u00e9l\u00e9phone\t\t\t\t\t\t\t<\/label>\n\t\t\t\t\t\t\t\t\t\t\t\t\t\t<input size=\"1\" type=\"text\" name=\"form_fields[tel]\" id=\"form-field-tel\" class=\"elementor-field elementor-size-md  elementor-field-textual\" placeholder=\"T\u00e9l\u00e9phone\" required=\"required\">\n\t\t\t\t\t\t\t\t\t\t\t<\/div>\n\t\t\t\t\t\t\t\t<div class=\"elementor-field-type-text elementor-field-group elementor-column elementor-field-group-portfolio elementor-col-100 elementor-field-required elementor-mark-required\">\n\t\t\t\t\t\t\t\t\t\t\t\t<label for=\"form-field-portfolio\" class=\"elementor-field-label\">\n\t\t\t\t\t\t\t\tSite internet ou lien vers un portfolio\t\t\t\t\t\t\t<\/label>\n\t\t\t\t\t\t\t\t\t\t\t\t\t\t<input size=\"1\" type=\"text\" name=\"form_fields[portfolio]\" id=\"form-field-portfolio\" class=\"elementor-field elementor-size-md  elementor-field-textual\" placeholder=\"Lien URL\" required=\"required\">\n\t\t\t\t\t\t\t\t\t\t\t<\/div>\n\t\t\t\t\t\t\t\t<div class=\"elementor-field-type-step elementor-field-group elementor-column elementor-field-group-field_7e343d6 elementor-col-100\">\n\t\t\t\t\t\t\t<div class=\"e-field-step elementor-hidden\" data-label=\"Eligibilit\u00e9\" data-previousButton=\"\" data-nextButton=\"\" data-iconUrl=\"\" data-iconLibrary=\"fas fa-star\" data-icon=\"&lt;svg class=&quot;e-font-icon-svg e-fas-star&quot; viewBox=&quot;0 0 576 512&quot; xmlns=&quot;http:\/\/www.w3.org\/2000\/svg&quot;&gt;&lt;path d=&quot;M259.3 17.8L194 150.2 47.9 171.5c-26.2 3.8-36.7 36.1-17.7 54.6l105.7 103-25 145.5c-4.5 26.3 23.2 46 46.4 33.7L288 439.6l130.7 68.7c23.2 12.2 50.9-7.4 46.4-33.7l-25-145.5 105.7-103c19-18.5 8.5-50.8-17.7-54.6L382 150.2 316.7 17.8c-11.7-23.6-45.6-23.9-57.4 0z&quot;&gt;&lt;\/path&gt;&lt;\/svg&gt;\" ><\/div>\n\n\t\t\t\t\t\t<\/div>\n\t\t\t\t\t\t\t\t<div class=\"elementor-field-type-checkbox elementor-field-group elementor-column elementor-field-group-field_8b58f76 elementor-col-100\">\n\t\t\t\t\t\t\t\t\t\t\t\t<label for=\"form-field-field_8b58f76\" class=\"elementor-field-label\">\n\t\t\t\t\t\t\t\tJe remplis les crit\u00e8res d\u2019admission suivants (au moins 2) :\t\t\t\t\t\t\t<\/label>\n\t\t\t\t\t\t<div class=\"elementor-field-subgroup  \"><span class=\"elementor-field-option\"><input type=\"checkbox\" value=\"\u00catre inscrit au registre professionnel (ind\u00e9pendant)\" id=\"form-field-field_8b58f76-0\" name=\"form_fields[field_8b58f76][]\"> <label for=\"form-field-field_8b58f76-0\">\u00catre inscrit au registre professionnel (ind\u00e9pendant)<\/label><\/span><span class=\"elementor-field-option\"><input type=\"checkbox\" value=\"Avoir d\u00e9j\u00e0 expos\u00e9 dans une institution culturelle (galerie ou mus\u00e9e) de notori\u00e9t\u00e9 cantonale dont le comit\u00e9 tient \u00e0 jour la liste de r\u00e9f\u00e9rence\" id=\"form-field-field_8b58f76-1\" name=\"form_fields[field_8b58f76][]\"> <label for=\"form-field-field_8b58f76-1\">Avoir d\u00e9j\u00e0 expos\u00e9 dans une institution culturelle (galerie ou mus\u00e9e) de notori\u00e9t\u00e9 cantonale dont le comit\u00e9 tient \u00e0 jour la liste de r\u00e9f\u00e9rence<\/label><\/span><span class=\"elementor-field-option\"><input type=\"checkbox\" value=\"Avoir suivi une formation et obtenu son dipl\u00f4me dans un \u00e9tablissement d\u2019enseignement de la photographie, dont le comit\u00e9 tient \u00e0 jour la liste de r\u00e9f\u00e9rence\" id=\"form-field-field_8b58f76-2\" name=\"form_fields[field_8b58f76][]\"> <label for=\"form-field-field_8b58f76-2\">Avoir suivi une formation et obtenu son dipl\u00f4me dans un \u00e9tablissement d\u2019enseignement de la photographie, dont le comit\u00e9 tient \u00e0 jour la liste de r\u00e9f\u00e9rence<\/label><\/span><span class=\"elementor-field-option\"><input type=\"checkbox\" value=\"Avoir obtenu des distinctions, prix, bourses, subventions de cr\u00e9ation ou pouvoir prouver l\u2019achat d\u2019\u0153uvres par des institutions publiques\" id=\"form-field-field_8b58f76-3\" name=\"form_fields[field_8b58f76][]\"> <label for=\"form-field-field_8b58f76-3\">Avoir obtenu des distinctions, prix, bourses, subventions de cr\u00e9ation ou pouvoir prouver l\u2019achat d\u2019\u0153uvres par des institutions publiques<\/label><\/span><\/div>\t\t\t\t<\/div>\n\t\t\t\t\t\t\t\t<div class=\"elementor-field-type-step elementor-field-group elementor-column elementor-field-group-field_b1f5f26 elementor-col-100\">\n\t\t\t\t\t\t\t<div class=\"e-field-step elementor-hidden\" data-label=\"Informations et envoi\" data-previousButton=\"\" data-nextButton=\"\" data-iconUrl=\"\" data-iconLibrary=\"fas fa-star\" data-icon=\"&lt;svg class=&quot;e-font-icon-svg e-fas-star&quot; viewBox=&quot;0 0 576 512&quot; xmlns=&quot;http:\/\/www.w3.org\/2000\/svg&quot;&gt;&lt;path d=&quot;M259.3 17.8L194 150.2 47.9 171.5c-26.2 3.8-36.7 36.1-17.7 54.6l105.7 103-25 145.5c-4.5 26.3 23.2 46 46.4 33.7L288 439.6l130.7 68.7c23.2 12.2 50.9-7.4 46.4-33.7l-25-145.5 105.7-103c19-18.5 8.5-50.8-17.7-54.6L382 150.2 316.7 17.8c-11.7-23.6-45.6-23.9-57.4 0z&quot;&gt;&lt;\/path&gt;&lt;\/svg&gt;\" ><\/div>\n\n\t\t\t\t\t\t<\/div>\n\t\t\t\t\t\t\t\t<div class=\"elementor-field-type-textarea elementor-field-group elementor-column elementor-field-group-descriptif elementor-col-100 elementor-field-required elementor-mark-required\">\n\t\t\t\t\t\t\t\t\t\t\t\t<label for=\"form-field-descriptif\" class=\"elementor-field-label\">\n\t\t\t\t\t\t\t\tBref descriptif de votre activit\u00e9\t\t\t\t\t\t\t<\/label>\n\t\t\t\t\t\t<textarea class=\"elementor-field-textual elementor-field  elementor-size-md\" name=\"form_fields[descriptif]\" id=\"form-field-descriptif\" rows=\"4\" required=\"required\"><\/textarea>\t\t\t\t<\/div>\n\t\t\t\t\t\t\t\t<div class=\"elementor-field-type-textarea elementor-field-group elementor-column elementor-field-group-motivation elementor-col-100 elementor-field-required elementor-mark-required\">\n\t\t\t\t\t\t\t\t\t\t\t\t<label for=\"form-field-motivation\" class=\"elementor-field-label\">\n\t\t\t\t\t\t\t\tMotivations \u00e0 int\u00e9grer PPAF\t\t\t\t\t\t\t<\/label>\n\t\t\t\t\t\t<textarea class=\"elementor-field-textual elementor-field  elementor-size-md\" name=\"form_fields[motivation]\" id=\"form-field-motivation\" rows=\"4\" required=\"required\"><\/textarea>\t\t\t\t<\/div>\n\t\t\t\t\t\t\t\t<div class=\"elementor-field-group elementor-column elementor-field-type-submit elementor-col-100 e-form__buttons\">\n\t\t\t\t\t<button class=\"elementor-button elementor-size-sm\" type=\"submit\">\n\t\t\t\t\t\t<span class=\"elementor-button-content-wrapper\">\n\t\t\t\t\t\t\t\t\t\t\t\t\t\t\t\t\t\t\t\t\t\t<span class=\"elementor-button-text\">Envoyer<\/span>\n\t\t\t\t\t\t\t\t\t\t\t\t\t<\/span>\n\t\t\t\t\t<\/button>\n\t\t\t\t<\/div>\n\t\t\t<\/div>\n\t\t<\/form>\n\t\t\t\t\t\t<\/div>\n\t\t\t\t<\/div>\n\t\t\t\t<\/div>\n\t\t<div class=\"elementor-element elementor-element-fe59aff e-flex e-con-boxed e-con e-parent\" data-id=\"fe59aff\" data-element_type=\"container\" data-e-type=\"container\">\n\t\t\t\t\t<div class=\"e-con-inner\">\n\t\t\t\t<div class=\"elementor-element elementor-element-71569c8 elementor-widget elementor-widget-spacer\" data-id=\"71569c8\" data-element_type=\"widget\" data-e-type=\"widget\" data-widget_type=\"spacer.default\">\n\t\t\t\t<div class=\"elementor-widget-container\">\n\t\t\t\t\t\t\t<div class=\"elementor-spacer\">\n\t\t\t<div class=\"elementor-spacer-inner\"><\/div>\n\t\t<\/div>\n\t\t\t\t\t\t<\/div>\n\t\t\t\t<\/div>\n\t\t\t\t\t<\/div>\n\t\t\t\t<\/div>\n\t\t<a class=\"elementor-element elementor-element-674523f e-con-full e-flex e-con e-parent\" data-id=\"674523f\" data-element_type=\"container\" data-e-type=\"container\" data-settings=\"{&quot;background_background&quot;:&quot;classic&quot;}\" href=\"http:\/\/ppaf.ch\/wp-content\/uploads\/2025\/03\/statuts_2025.pdf\" target=\"_blank\">\n\t\t\t\t<div class=\"elementor-element elementor-element-aa529ef elementor-widget elementor-widget-text-editor\" data-id=\"aa529ef\" data-element_type=\"widget\" data-e-type=\"widget\" data-widget_type=\"text-editor.default\">\n\t\t\t\t<div class=\"elementor-widget-container\">\n\t\t\t\t\t\t\t\t\t<p>Statuts (20.02.25) \u2192<\/p>\t\t\t\t\t\t\t\t<\/div>\n\t\t\t\t<\/div>\n\t\t\t\t<\/a>\n\t\t\t\t<\/div>\n\t\t","protected":false},"excerpt":{"rendered":"<p>Notre association vous accueillera volontiers si vous \u00eates photographe\u00a0professionnel\u00a0domicili\u00e9 dans le canton de Fribourg ou y ayant install\u00e9 votre atelier et que vous remplissez au moins deux des crit\u00e8res suivants: \u00catre inscrit au registre professionnel (ind\u00e9pendant) Avoir d\u00e9j\u00e0 expos\u00e9 dans une institution culturelle (galerie ou mus\u00e9e) de notori\u00e9t\u00e9 cantonale dont le comit\u00e9 tient \u00e0 jour [&hellip;]<\/p>\n","protected":false},"author":1,"featured_media":9344,"parent":0,"menu_order":0,"comment_status":"closed","ping_status":"closed","template":"","meta":{"_acf_changed":false,"footnotes":""},"class_list":["post-9519","page","type-page","status-publish","has-post-thumbnail","hentry"],"acf":[],"_links":{"self":[{"href":"https:\/\/ppaf.ch\/de\/wp-json\/wp\/v2\/pages\/9519","targetHints":{"allow":["GET"]}}],"collection":[{"href":"https:\/\/ppaf.ch\/de\/wp-json\/wp\/v2\/pages"}],"about":[{"href":"https:\/\/ppaf.ch\/de\/wp-json\/wp\/v2\/types\/page"}],"author":[{"embeddable":true,"href":"https:\/\/ppaf.ch\/de\/wp-json\/wp\/v2\/users\/1"}],"replies":[{"embeddable":true,"href":"https:\/\/ppaf.ch\/de\/wp-json\/wp\/v2\/comments?post=9519"}],"version-history":[{"count":52,"href":"https:\/\/ppaf.ch\/de\/wp-json\/wp\/v2\/pages\/9519\/revisions"}],"predecessor-version":[{"id":9573,"href":"https:\/\/ppaf.ch\/de\/wp-json\/wp\/v2\/pages\/9519\/revisions\/9573"}],"wp:featuredmedia":[{"embeddable":true,"href":"https:\/\/ppaf.ch\/de\/wp-json\/wp\/v2\/media\/9344"}],"wp:attachment":[{"href":"https:\/\/ppaf.ch\/de\/wp-json\/wp\/v2\/media?parent=9519"}],"curies":[{"name":"wp","href":"https:\/\/api.w.org\/{rel}","templated":true}]}}