{"id":7932,"date":"2025-01-29T15:59:59","date_gmt":"2025-01-29T15:59:59","guid":{"rendered":"https:\/\/new.ppaf.ch\/?page_id=7932"},"modified":"2026-04-04T19:53:15","modified_gmt":"2026-04-04T17:53:15","slug":"decouvrir","status":"publish","type":"page","link":"https:\/\/ppaf.ch\/de\/decouvrir\/","title":{"rendered":"Entdecken"},"content":{"rendered":"<div data-elementor-type=\"wp-page\" data-elementor-id=\"7932\" class=\"elementor elementor-7932\" data-elementor-post-type=\"page\">\n\t\t\t\t<div class=\"elementor-element elementor-element-6302315 e-con-full e-flex e-con e-parent\" data-id=\"6302315\" data-element_type=\"container\" data-e-type=\"container\">\n\t\t\t\t<div class=\"elementor-element elementor-element-cdf3b4d elementor-widget elementor-widget-spacer\" data-id=\"cdf3b4d\" data-element_type=\"widget\" data-e-type=\"widget\" data-widget_type=\"spacer.default\">\n\t\t\t\t<div class=\"elementor-widget-container\">\n\t\t\t\t\t\t\t<div class=\"elementor-spacer\">\n\t\t\t<div class=\"elementor-spacer-inner\"><\/div>\n\t\t<\/div>\n\t\t\t\t\t\t<\/div>\n\t\t\t\t<\/div>\n\t\t\t\t<div class=\"elementor-element elementor-element-e33b47d elementor-widget elementor-widget-spacer\" data-id=\"e33b47d\" data-element_type=\"widget\" data-e-type=\"widget\" data-widget_type=\"spacer.default\">\n\t\t\t\t<div class=\"elementor-widget-container\">\n\t\t\t\t\t\t\t<div class=\"elementor-spacer\">\n\t\t\t<div class=\"elementor-spacer-inner\"><\/div>\n\t\t<\/div>\n\t\t\t\t\t\t<\/div>\n\t\t\t\t<\/div>\n\t\t\t\t<\/div>\n\t\t<div class=\"elementor-element elementor-element-00476f2 e-con-full e-flex e-con e-parent\" data-id=\"00476f2\" data-element_type=\"container\" data-e-type=\"container\">\n\t\t\t\t<div class=\"elementor-element elementor-element-cf93611 elementor-widget__width-initial elementor-widget elementor-widget-text-editor\" data-id=\"cf93611\" data-element_type=\"widget\" data-e-type=\"widget\" data-widget_type=\"text-editor.default\">\n\t\t\t\t<div class=\"elementor-widget-container\">\n\t\t\t\t\t\t\t\t\t<p>Die \"Association pour la photographie professionnelle et artistique fribourgeoise\" (PPAF) wurde am 12. Juni 2019 im Werkhof in Freiburg gegr\u00fcndet. Sie vereint professionelle und k\u00fcnstlerische Fotografinnen und Fotografen des Kantons aus verschiedenen Bereichen. Der Verband z\u00e4hlt derzeit rund 40 Mitglieder.<\/p><p>PPAF hat die Aufgabe, das fotografische Schaffen im Kanton Freiburg zu f\u00f6rdern und zu entwickeln, insbesondere durch die Organisation von Ausstellungen, Konferenzen, Treffen und anderen Veranstaltungen.\u00a0<\/p><p>Als engagierter Akteur in der Freiburger Kulturszene unterh\u00e4lt PPAF Beziehungen zu den Beh\u00f6rden, Institutionen und kulturellen und wirtschaftlichen Organisationen des Kantons. Der Verein setzt sich auch f\u00fcr die Interessen der Fotografie im weitesten Sinne ein, indem er die Vielfalt der Ans\u00e4tze hervorhebt und die Fotografen in ihrer beruflichen und k\u00fcnstlerischen Praxis unterst\u00fctzt.<\/p><p>Unter anderem initiierte PPAF das Projekt \u00abMur Blanc\u00bb (Wei\u00dfe Wand) im Mus\u00e9e gru\u00e9rien in Bulle, das seinen Mitgliedern einen regelm\u00e4\u00dfigen Ausstellungsraum bietet. Im Oktober 2020 feierte sie ihr einj\u00e4hriges Bestehen mit einer Ausstellung in der Galerie Jean-Jacques Hofstetter in Freiburg, die siebenundzwanzig Fotografen zum Thema \u00abStorytelling\u00bb versammelte.<\/p><p>Durch seine Aktionen tr\u00e4gt PPAF zur Ausstrahlung der Fotografie in der Region und dar\u00fcber hinaus bei und schafft gleichzeitig M\u00f6glichkeiten zum Austausch und zur Sichtbarkeit f\u00fcr Freiburger Fotografen.<\/p>\t\t\t\t\t\t\t\t<\/div>\n\t\t\t\t<\/div>\n\t\t\t\t<div class=\"elementor-element elementor-element-08417c9 elementor-hidden-tablet elementor-hidden-mobile elementor-widget elementor-widget-spacer\" data-id=\"08417c9\" data-element_type=\"widget\" data-e-type=\"widget\" data-widget_type=\"spacer.default\">\n\t\t\t\t<div class=\"elementor-widget-container\">\n\t\t\t\t\t\t\t<div class=\"elementor-spacer\">\n\t\t\t<div class=\"elementor-spacer-inner\"><\/div>\n\t\t<\/div>\n\t\t\t\t\t\t<\/div>\n\t\t\t\t<\/div>\n\t\t\t\t<div class=\"elementor-element elementor-element-80e2e60 elementor-widget__width-initial elementor-widget elementor-widget-button\" data-id=\"80e2e60\" data-element_type=\"widget\" data-e-type=\"widget\" data-widget_type=\"button.default\">\n\t\t\t\t<div class=\"elementor-widget-container\">\n\t\t\t\t\t\t\t\t\t<div class=\"elementor-button-wrapper\">\n\t\t\t\t\t<a class=\"elementor-button elementor-button-link elementor-size-sm\" href=\"https:\/\/ppaf.ch\/de\/soumettre-ma-candidature\/\" target=\"_blank\">\n\t\t\t\t\t\t<span class=\"elementor-button-content-wrapper\">\n\t\t\t\t\t\t\t\t\t<span class=\"elementor-button-text\">Dem Verein beitreten<\/span>\n\t\t\t\t\t<\/span>\n\t\t\t\t\t<\/a>\n\t\t\t\t<\/div>\n\t\t\t\t\t\t\t\t<\/div>\n\t\t\t\t<\/div>\n\t\t\t\t<\/div>\n\t\t<div class=\"elementor-element elementor-element-fe59aff e-flex e-con-boxed e-con e-parent\" data-id=\"fe59aff\" data-element_type=\"container\" data-e-type=\"container\">\n\t\t\t\t\t<div class=\"e-con-inner\">\n\t\t\t\t<div class=\"elementor-element elementor-element-71569c8 elementor-widget elementor-widget-spacer\" data-id=\"71569c8\" data-element_type=\"widget\" data-e-type=\"widget\" data-widget_type=\"spacer.default\">\n\t\t\t\t<div class=\"elementor-widget-container\">\n\t\t\t\t\t\t\t<div class=\"elementor-spacer\">\n\t\t\t<div class=\"elementor-spacer-inner\"><\/div>\n\t\t<\/div>\n\t\t\t\t\t\t<\/div>\n\t\t\t\t<\/div>\n\t\t\t\t\t<\/div>\n\t\t\t\t<\/div>\n\t\t<a class=\"elementor-element elementor-element-674523f e-con-full e-flex e-con e-parent\" data-id=\"674523f\" data-element_type=\"container\" data-e-type=\"container\" data-settings=\"{&quot;background_background&quot;:&quot;classic&quot;}\" href=\"http:\/\/ppaf.ch\/wp-content\/uploads\/2026\/04\/statuts_2026.pdf\" target=\"_blank\">\n\t\t\t\t<div class=\"elementor-element elementor-element-aa529ef elementor-widget elementor-widget-text-editor\" data-id=\"aa529ef\" data-element_type=\"widget\" data-e-type=\"widget\" data-widget_type=\"text-editor.default\">\n\t\t\t\t<div class=\"elementor-widget-container\">\n\t\t\t\t\t\t\t\t\t<p>Statuten (06.03.26) \u2192<\/p>\t\t\t\t\t\t\t\t<\/div>\n\t\t\t\t<\/div>\n\t\t\t\t<\/a>\n\t\t\t\t<\/div>","protected":false},"excerpt":{"rendered":"<p>L&rsquo;association pour la photographie professionnelle et artistique fribourgeoise (PPAF) a \u00e9t\u00e9 fond\u00e9e le 12 juin 2019 au Werkhof de Fribourg. Elle regroupe les photographes professionnels et artistes du canton, issus de divers domaines. L&rsquo;association compte actuellement une quarantaine de membres. PPAF a pour mission de promouvoir et d\u00e9velopper la cr\u00e9ation photographique dans le canton de [&hellip;]<\/p>\n","protected":false},"author":1,"featured_media":9114,"parent":0,"menu_order":0,"comment_status":"closed","ping_status":"closed","template":"","meta":{"_acf_changed":false,"footnotes":""},"class_list":["post-7932","page","type-page","status-publish","has-post-thumbnail","hentry"],"acf":[],"_links":{"self":[{"href":"https:\/\/ppaf.ch\/de\/wp-json\/wp\/v2\/pages\/7932","targetHints":{"allow":["GET"]}}],"collection":[{"href":"https:\/\/ppaf.ch\/de\/wp-json\/wp\/v2\/pages"}],"about":[{"href":"https:\/\/ppaf.ch\/de\/wp-json\/wp\/v2\/types\/page"}],"author":[{"embeddable":true,"href":"https:\/\/ppaf.ch\/de\/wp-json\/wp\/v2\/users\/1"}],"replies":[{"embeddable":true,"href":"https:\/\/ppaf.ch\/de\/wp-json\/wp\/v2\/comments?post=7932"}],"version-history":[{"count":130,"href":"https:\/\/ppaf.ch\/de\/wp-json\/wp\/v2\/pages\/7932\/revisions"}],"predecessor-version":[{"id":9785,"href":"https:\/\/ppaf.ch\/de\/wp-json\/wp\/v2\/pages\/7932\/revisions\/9785"}],"wp:featuredmedia":[{"embeddable":true,"href":"https:\/\/ppaf.ch\/de\/wp-json\/wp\/v2\/media\/9114"}],"wp:attachment":[{"href":"https:\/\/ppaf.ch\/de\/wp-json\/wp\/v2\/media?parent=7932"}],"curies":[{"name":"wp","href":"https:\/\/api.w.org\/{rel}","templated":true}]}}